{"id":15898,"date":"2024-10-09T14:34:13","date_gmt":"2024-10-09T11:34:13","guid":{"rendered":"https:\/\/sakder.org.tr\/?page_id=15898"},"modified":"2024-10-09T14:35:32","modified_gmt":"2024-10-09T11:35:32","slug":"events","status":"publish","type":"page","link":"https:\/\/sakder.org.tr\/?page_id=15898&lang=en","title":{"rendered":"EVENTS"},"content":{"rendered":"\t\t<div data-elementor-type=\"wp-page\" data-elementor-id=\"15898\" class=\"elementor elementor-15898\">\n\t\t\t\t\t\t<header data-particle_enable=\"false\" data-particle-mobile-disabled=\"false\" class=\"elementor-section elementor-top-section elementor-element elementor-element-4ff17514 elementor-section-height-min-height elementor-section-stretched elementor-section-boxed elementor-section-height-default elementor-section-items-middle\" data-id=\"4ff17514\" data-element_type=\"section\" data-e-type=\"section\" data-settings=\"{&quot;background_background&quot;:&quot;classic&quot;,&quot;stretch_section&quot;:&quot;section-stretched&quot;}\">\n\t\t\t\t\t\t\t<div class=\"elementor-background-overlay\"><\/div>\n\t\t\t\t\t\t\t<div class=\"elementor-container elementor-column-gap-default\">\n\t\t\t\t\t<div class=\"elementor-column elementor-col-100 elementor-top-column elementor-element elementor-element-60aa881b\" data-id=\"60aa881b\" data-element_type=\"column\" data-e-type=\"column\">\n\t\t\t<div class=\"elementor-widget-wrap elementor-element-populated\">\n\t\t\t\t\t\t<div class=\"elementor-element elementor-element-36b7fccf elementor-widget elementor-widget-heading\" data-id=\"36b7fccf\" data-element_type=\"widget\" data-e-type=\"widget\" data-widget_type=\"heading.default\">\n\t\t\t\t<div class=\"elementor-widget-container\">\n\t\t\t\t\t<h1 class=\"elementor-heading-title elementor-size-default\">EVENTS<\/h1>\t\t\t\t<\/div>\n\t\t\t\t<\/div>\n\t\t\t\t\t<\/div>\n\t\t<\/div>\n\t\t\t\t\t<\/div>\n\t\t<\/header>\n\t\t\t\t<section data-particle_enable=\"false\" data-particle-mobile-disabled=\"false\" class=\"elementor-section elementor-top-section elementor-element elementor-element-719d7bd elementor-section-boxed elementor-section-height-default elementor-section-height-default\" data-id=\"719d7bd\" data-element_type=\"section\" data-e-type=\"section\">\n\t\t\t\t\t\t<div class=\"elementor-container elementor-column-gap-default\">\n\t\t\t\t\t<div class=\"elementor-column elementor-col-100 elementor-top-column elementor-element elementor-element-21b0985\" data-id=\"21b0985\" data-element_type=\"column\" data-e-type=\"column\">\n\t\t\t<div class=\"elementor-widget-wrap elementor-element-populated\">\n\t\t\t\t\t\t<div class=\"elementor-element elementor-element-c6f72f4 elementor-widget elementor-widget-eael-post-list\" data-id=\"c6f72f4\" data-element_type=\"widget\" data-e-type=\"widget\" data-widget_type=\"eael-post-list.default\">\n\t\t\t\t<div class=\"elementor-widget-container\">\n\t\t\t\t\t<div class=\"eael-post-list-container advanced layout-advanced\"><div class=\"eael-post-list-header\"><div class=\"post-categories\" data-nonce=\"4c17c03848\" data-page-id=\"15898\" data-widget-id=\"c6f72f4\" data-template={\"dir\":\"pro\",\"file_name\":\"advanced.php\",\"name\":\"Post-List\"} data-widget=\"c6f72f4\" data-class=\"Essential_Addons_Elementor\\Pro\\Elements\\Post_List\" data-args=\"orderby=date&order=asc&ignore_sticky_posts=1&post_status=publish&posts_per_page=4&offset=0&post_type=post&tax_query%5B0%5D%5Btaxonomy%5D=category&tax_query%5B0%5D%5Bfield%5D=term_id&tax_query%5B0%5D%5Bterms%5D%5B0%5D=11&tax_query%5Brelation%5D=AND\" data-settings=\"eael_post_list_post_feature_image=yes&eael_post_list_post_meta=yes&eael_post_list_post_title=yes&eael_post_list_post_excerpt=no&eael_post_list_pagination=yes&eael_post_list_layout_type=advanced&eael_post_list_post_cat=&eael_post_list_author_meta=&eael_post_list_title_tag=h2&eael_post_featured_image_size=large\" data-page=\"1\" data-scroll-on-pagination=\"0\" data-scroll-offset=\"100\" >\n                            <a href=\"javascript:;\" data-taxonomy=\"all\" data-id=\"\" class=\"active post-list-filter-item post-list-cat-c6f72f4\"><\/a><a href=\"javascript:;\" data-taxonomy=\"category\" data-id=\"11\" class=\"post-list-filter-item post-list-cat-c6f72f4\">Etkinlikler<\/a><\/div><\/div><div class=\"eael-post-list-wrap\"><div class=\"eael-post-list-posts-wrap eael-post-appender eael-post-appender-c6f72f4\"><div class=\"eael-post-list-post \"><div class=\"eael-post-list-post-inner\"><div class=\"eael-post-list-thumbnail \"><a href=\"https:\/\/sakder.org.tr\/?p=15633\">\n                <img decoding=\"async\" src=\"https:\/\/sakder.org.tr\/wp-content\/uploads\/2024\/06\/WhatsApp-Image-2022-02-28-at-15.31.51-1024x606.jpeg\" alt=\"\">\n            <\/a><\/div><div class=\"eael-post-list-content\"><h2 class=\"eael-post-list-title\"><a href=\"https:\/\/sakder.org.tr\/?p=15633\">27.02.2022 tarihinde \u00a0\u0130ZTUKAM-SAKDER i\u015fbirli\u011fi ile \u00a0 \u201cKlinik Ara\u015ft\u0131rmalarda Merkez Organizasyon Y\u00f6netim E\u011fitimi\u201dni ba\u015far\u0131yla ger\u00e7ekle\u015ftirdik.<\/a><\/h2><div class=\"meta\">\n                    <span><i class=\"far fa-calendar-alt\"><\/i> 06\/06\/2024<\/span>\n                <\/div><div class=\"boxed-meta\"><\/div><\/div><\/div><\/div><div class=\"eael-post-list-post \"><div class=\"eael-post-list-post-inner\"><div class=\"eael-post-list-thumbnail \"><a href=\"https:\/\/sakder.org.tr\/?p=15651\">\n                <img decoding=\"async\" src=\"https:\/\/sakder.org.tr\/wp-content\/uploads\/2024\/06\/KA-Calistayi-1024x336.jpg\" alt=\"\">\n            <\/a><\/div><div class=\"eael-post-list-content\"><h2 class=\"eael-post-list-title\"><a href=\"https:\/\/sakder.org.tr\/?p=15651\">Klinik Ara\u015ft\u0131rmalar: Mevcut Durum ve \u00d6neriler \u00c7al\u0131\u015ftay\u0131&#8217;na Kat\u0131ld\u0131k<\/a><\/h2><div class=\"meta\">\n                    <span><i class=\"far fa-calendar-alt\"><\/i> 06\/06\/2024<\/span>\n                <\/div><div class=\"boxed-meta\"><\/div><\/div><\/div><\/div><div class=\"eael-post-list-post \"><div class=\"eael-post-list-post-inner\"><div class=\"eael-post-list-thumbnail \"><a href=\"https:\/\/sakder.org.tr\/?p=15755\">\n                <img decoding=\"async\" src=\"https:\/\/sakder.org.tr\/wp-content\/uploads\/2024\/06\/1-1024x576.png\" alt=\"\">\n            <\/a><\/div><div class=\"eael-post-list-content\"><h2 class=\"eael-post-list-title\"><a href=\"https:\/\/sakder.org.tr\/?p=15755\">SAKDER- LOKMAN HEK\u0130M \u00dcN\u0130VERS\u0130TES\u0130 \u0130\u015eB\u0130RL\u0130\u011e\u0130 \u0130LE GE\u00c7EKLE\u015eT\u0130R\u0130LEN \u0130KU E\u011e\u0130T\u0130M\u0130 BA\u015eARIYLA TAMAMLANDI.<\/a><\/h2><div class=\"meta\">\n                    <span><i class=\"far fa-calendar-alt\"><\/i> 07\/06\/2024<\/span>\n                <\/div><div class=\"boxed-meta\"><\/div><\/div><\/div><\/div><div class=\"eael-post-list-post eael-empty-thumbnail\"><div class=\"eael-post-list-post-inner\"><div class=\"eael-post-list-thumbnail eael-empty-thumbnail\"><\/div><div class=\"eael-post-list-content\"><h2 class=\"eael-post-list-title\"><a href=\"https:\/\/sakder.org.tr\/?p=15758\">SAKDER- ONDOKUZ MAYIS \u00a0\u00dcN\u0130VERS\u0130TES\u0130 \u0130\u015eB\u0130RL\u0130\u011e\u0130 \u0130LE GE\u00c7EKLE\u015eT\u0130R\u0130LEN \u0130KU E\u011e\u0130T\u0130M\u0130 BA\u015eARIYLA TAMAMLANDI.<\/a><\/h2><div class=\"meta\">\n                    <span><i class=\"far fa-calendar-alt\"><\/i> 07\/06\/2024<\/span>\n                <\/div><div class=\"boxed-meta\"><\/div><\/div><\/div><\/div><\/div><\/div>\n\t\t<\/div><div class=\"post-list-pagination\"  data-nonce=\"4c17c03848\" data-page-id=\"15898\" data-widget-id=\"c6f72f4\" data-template={\"dir\":\"pro\",\"file_name\":\"advanced.php\",\"name\":\"Post-List\"} data-widget=\"c6f72f4\" data-class=\"Essential_Addons_Elementor\\Pro\\Elements\\Post_List\" data-args=\"orderby=date&order=asc&ignore_sticky_posts=1&post_status=publish&posts_per_page=4&offset=0&post_type=post&tax_query%5B0%5D%5Btaxonomy%5D=category&tax_query%5B0%5D%5Bfield%5D=term_id&tax_query%5B0%5D%5Bterms%5D%5B0%5D=11&tax_query%5Brelation%5D=AND\" data-settings=\"eael_post_list_post_feature_image=yes&eael_post_list_post_meta=yes&eael_post_list_post_title=yes&eael_post_list_post_excerpt=no&eael_post_list_pagination=yes&eael_post_list_layout_type=advanced&eael_post_list_post_cat=&eael_post_list_author_meta=&eael_post_list_title_tag=h2&eael_post_featured_image_size=large\" data-page=\"1\" data-scroll-on-pagination=\"0\" data-scroll-offset=\"100\" >\n                <button class=\"btn btn-prev-post\" id=\"post-nav-prev-c6f72f4\" disabled=\"true\"><svg aria-hidden=\"true\" class=\"e-font-icon-svg e-fas-angle-left\" viewBox=\"0 0 256 512\" xmlns=\"http:\/\/www.w3.org\/2000\/svg\"><path d=\"M31.7 239l136-136c9.4-9.4 24.6-9.4 33.9 0l22.6 22.6c9.4 9.4 9.4 24.6 0 33.9L127.9 256l96.4 96.4c9.4 9.4 9.4 24.6 0 33.9L201.7 409c-9.4 9.4-24.6 9.4-33.9 0l-136-136c-9.5-9.4-9.5-24.6-.1-34z\"><\/path><\/svg><\/button><button class=\"btn btn-next-post\" id=\"post-nav-next-c6f72f4\"><svg aria-hidden=\"true\" class=\"e-font-icon-svg e-fas-angle-right\" viewBox=\"0 0 256 512\" xmlns=\"http:\/\/www.w3.org\/2000\/svg\"><path d=\"M224.3 273l-136 136c-9.4 9.4-24.6 9.4-33.9 0l-22.6-22.6c-9.4-9.4-9.4-24.6 0-33.9l96.4-96.4-96.4-96.4c-9.4-9.4-9.4-24.6 0-33.9L54.3 103c9.4-9.4 24.6-9.4 33.9 0l136 136c9.5 9.4 9.5 24.6.1 34z\"><\/path><\/svg><\/button>\n\t\t\t<\/div>\t\t\t\t<\/div>\n\t\t\t\t<\/div>\n\t\t\t\t\t<\/div>\n\t\t<\/div>\n\t\t\t\t\t<\/div>\n\t\t<\/section>\n\t\t\t\t<\/div>\n\t\t","protected":false},"excerpt":{"rendered":"<p>EVENTS Etkinlikler 27.02.2022 tarihinde \u00a0\u0130ZTUKAM-SAKDER i\u015fbirli\u011fi ile \u00a0 \u201cKlinik Ara\u015ft\u0131rmalarda Merkez Organizasyon Y\u00f6netim E\u011fitimi\u201dni ba\u015far\u0131yla ger\u00e7ekle\u015ftirdik. 06\/06\/2024 Klinik Ara\u015ft\u0131rmalar: Mevcut Durum ve \u00d6neriler \u00c7al\u0131\u015ftay\u0131&#8217;na Kat\u0131ld\u0131k&hellip;<\/p>\n","protected":false},"author":1,"featured_media":0,"parent":0,"menu_order":0,"comment_status":"closed","ping_status":"closed","template":"","meta":{"om_disable_all_campaigns":false,"_monsterinsights_skip_tracking":false,"_monsterinsights_sitenote_active":false,"_monsterinsights_sitenote_note":"","_monsterinsights_sitenote_category":0,"footnotes":""},"class_list":["post-15898","page","type-page","status-publish","hentry"],"_links":{"self":[{"href":"https:\/\/sakder.org.tr\/index.php?rest_route=\/wp\/v2\/pages\/15898","targetHints":{"allow":["GET"]}}],"collection":[{"href":"https:\/\/sakder.org.tr\/index.php?rest_route=\/wp\/v2\/pages"}],"about":[{"href":"https:\/\/sakder.org.tr\/index.php?rest_route=\/wp\/v2\/types\/page"}],"author":[{"embeddable":true,"href":"https:\/\/sakder.org.tr\/index.php?rest_route=\/wp\/v2\/users\/1"}],"replies":[{"embeddable":true,"href":"https:\/\/sakder.org.tr\/index.php?rest_route=%2Fwp%2Fv2%2Fcomments&post=15898"}],"version-history":[{"count":4,"href":"https:\/\/sakder.org.tr\/index.php?rest_route=\/wp\/v2\/pages\/15898\/revisions"}],"predecessor-version":[{"id":15902,"href":"https:\/\/sakder.org.tr\/index.php?rest_route=\/wp\/v2\/pages\/15898\/revisions\/15902"}],"wp:attachment":[{"href":"https:\/\/sakder.org.tr\/index.php?rest_route=%2Fwp%2Fv2%2Fmedia&parent=15898"}],"curies":[{"name":"wp","href":"https:\/\/api.w.org\/{rel}","templated":true}]}}