{"id":15568,"date":"2024-06-06T09:55:58","date_gmt":"2024-06-06T06:55:58","guid":{"rendered":"https:\/\/sakder.org.tr\/?page_id=15568"},"modified":"2024-10-09T14:13:48","modified_gmt":"2024-10-09T11:13:48","slug":"yonetim-kurulu","status":"publish","type":"page","link":"https:\/\/sakder.org.tr\/?page_id=15568","title":{"rendered":"Y\u00f6netim Kurulu"},"content":{"rendered":"\t\t<div data-elementor-type=\"wp-page\" data-elementor-id=\"15568\" class=\"elementor elementor-15568\">\n\t\t\t\t\t\t<section data-particle_enable=\"false\" data-particle-mobile-disabled=\"false\" class=\"elementor-section elementor-top-section elementor-element elementor-element-4f8acc3a elementor-section-height-min-height elementor-section-stretched elementor-section-boxed elementor-section-height-default elementor-section-items-middle\" data-id=\"4f8acc3a\" data-element_type=\"section\" data-e-type=\"section\" data-settings=\"{&quot;background_background&quot;:&quot;classic&quot;,&quot;stretch_section&quot;:&quot;section-stretched&quot;}\">\n\t\t\t\t\t\t\t<div class=\"elementor-background-overlay\"><\/div>\n\t\t\t\t\t\t\t<div class=\"elementor-container elementor-column-gap-default\">\n\t\t\t\t\t<div class=\"elementor-column elementor-col-100 elementor-top-column elementor-element elementor-element-3dbb04a1\" data-id=\"3dbb04a1\" data-element_type=\"column\" data-e-type=\"column\">\n\t\t\t<div class=\"elementor-widget-wrap elementor-element-populated\">\n\t\t\t\t\t\t<div class=\"elementor-element elementor-element-598cf0c3 elementor-invisible elementor-widget elementor-widget-heading\" data-id=\"598cf0c3\" data-element_type=\"widget\" data-e-type=\"widget\" data-settings=\"{&quot;_animation&quot;:&quot;fadeInDown&quot;}\" data-widget_type=\"heading.default\">\n\t\t\t\t<div class=\"elementor-widget-container\">\n\t\t\t\t\t<h1 class=\"elementor-heading-title elementor-size-default\">Y\u00f6netim Kurulu\n<\/h1>\t\t\t\t<\/div>\n\t\t\t\t<\/div>\n\t\t\t\t\t<\/div>\n\t\t<\/div>\n\t\t\t\t\t<\/div>\n\t\t<\/section>\n\t\t\t\t<section data-particle_enable=\"false\" data-particle-mobile-disabled=\"false\" class=\"elementor-section elementor-top-section elementor-element elementor-element-6e4b5cd0 elementor-section-full_width elementor-section-height-default elementor-section-height-default\" data-id=\"6e4b5cd0\" data-element_type=\"section\" data-e-type=\"section\" data-settings=\"{&quot;background_background&quot;:&quot;classic&quot;}\">\n\t\t\t\t\t\t<div class=\"elementor-container elementor-column-gap-default\">\n\t\t\t\t\t<div class=\"elementor-column elementor-col-100 elementor-top-column elementor-element elementor-element-4a60e1df\" data-id=\"4a60e1df\" data-element_type=\"column\" data-e-type=\"column\">\n\t\t\t<div class=\"elementor-widget-wrap elementor-element-populated\">\n\t\t\t\t\t\t<section data-particle_enable=\"false\" data-particle-mobile-disabled=\"false\" class=\"elementor-section elementor-inner-section elementor-element elementor-element-38c5008b elementor-reverse-mobile elementor-section-boxed elementor-section-height-default elementor-section-height-default\" data-id=\"38c5008b\" data-element_type=\"section\" data-e-type=\"section\">\n\t\t\t\t\t\t<div class=\"elementor-container elementor-column-gap-default\">\n\t\t\t\t\t<div class=\"elementor-column elementor-col-100 elementor-inner-column elementor-element elementor-element-7ffe782c\" data-id=\"7ffe782c\" data-element_type=\"column\" data-e-type=\"column\">\n\t\t\t<div class=\"elementor-widget-wrap elementor-element-populated\">\n\t\t\t\t\t\t<div class=\"elementor-element elementor-element-597db56d elementor-widget elementor-widget-heading\" data-id=\"597db56d\" data-element_type=\"widget\" data-e-type=\"widget\" data-widget_type=\"heading.default\">\n\t\t\t\t<div class=\"elementor-widget-container\">\n\t\t\t\t\t<h2 class=\"elementor-heading-title elementor-size-default\">Y\u00f6netim Kurulu\n<\/h2>\t\t\t\t<\/div>\n\t\t\t\t<\/div>\n\t\t\t\t<div class=\"elementor-element elementor-element-48cdfd73 elementor-widget-divider--view-line elementor-widget elementor-widget-divider\" data-id=\"48cdfd73\" data-element_type=\"widget\" data-e-type=\"widget\" data-widget_type=\"divider.default\">\n\t\t\t\t<div class=\"elementor-widget-container\">\n\t\t\t\t\t\t\t<div class=\"elementor-divider\">\n\t\t\t<span class=\"elementor-divider-separator\">\n\t\t\t\t\t\t<\/span>\n\t\t<\/div>\n\t\t\t\t\t\t<\/div>\n\t\t\t\t<\/div>\n\t\t\t\t<div class=\"elementor-element elementor-element-29b79760 elementor-widget elementor-widget-text-editor\" data-id=\"29b79760\" data-element_type=\"widget\" data-e-type=\"widget\" data-widget_type=\"text-editor.default\">\n\t\t\t\t<div class=\"elementor-widget-container\">\n\t\t\t\t\t\t\t\t\t<p>\u00a0<\/p><p>Berk \u00d6ZDEM\u0130R ( Y\u00f6netim Kurulu Ba\u015fkan\u0131)<\/p><p>\u015eeniz SA\u011eOL T\u00dcYS\u00dcZ ( Y\u00f6netim Kurulu Ba\u015fkan Yard\u0131mc\u0131s\u0131 )<\/p><p>Onursal SA\u011eLAM (Genel Sekreter)<\/p><p>\u00d6zlem SABANCILAR (Y\u00f6netim Kurulu Sayman)<\/p><p>Ay\u015fe Burcu \u00c7EHREL\u0130 (Y\u00f6netim Kurulu \u00dcyesi)<\/p><p>\u00a0<\/p>\t\t\t\t\t\t\t\t<\/div>\n\t\t\t\t<\/div>\n\t\t\t\t\t<\/div>\n\t\t<\/div>\n\t\t\t\t\t<\/div>\n\t\t<\/section>\n\t\t\t\t\t<\/div>\n\t\t<\/div>\n\t\t\t\t\t<\/div>\n\t\t<\/section>\n\t\t\t\t<\/div>\n\t\t","protected":false},"excerpt":{"rendered":"<p>Y\u00f6netim Kurulu Y\u00f6netim Kurulu \u00a0 Berk \u00d6ZDEM\u0130R ( Y\u00f6netim Kurulu Ba\u015fkan\u0131) \u015eeniz SA\u011eOL T\u00dcYS\u00dcZ ( Y\u00f6netim Kurulu Ba\u015fkan Yard\u0131mc\u0131s\u0131 ) Onursal SA\u011eLAM (Genel Sekreter) \u00d6zlem&hellip;<\/p>\n","protected":false},"author":1,"featured_media":0,"parent":0,"menu_order":0,"comment_status":"closed","ping_status":"closed","template":"","meta":{"om_disable_all_campaigns":false,"_monsterinsights_skip_tracking":false,"_monsterinsights_sitenote_active":false,"_monsterinsights_sitenote_note":"","_monsterinsights_sitenote_category":0,"footnotes":""},"class_list":["post-15568","page","type-page","status-publish","hentry"],"_links":{"self":[{"href":"https:\/\/sakder.org.tr\/index.php?rest_route=\/wp\/v2\/pages\/15568","targetHints":{"allow":["GET"]}}],"collection":[{"href":"https:\/\/sakder.org.tr\/index.php?rest_route=\/wp\/v2\/pages"}],"about":[{"href":"https:\/\/sakder.org.tr\/index.php?rest_route=\/wp\/v2\/types\/page"}],"author":[{"embeddable":true,"href":"https:\/\/sakder.org.tr\/index.php?rest_route=\/wp\/v2\/users\/1"}],"replies":[{"embeddable":true,"href":"https:\/\/sakder.org.tr\/index.php?rest_route=%2Fwp%2Fv2%2Fcomments&post=15568"}],"version-history":[{"count":7,"href":"https:\/\/sakder.org.tr\/index.php?rest_route=\/wp\/v2\/pages\/15568\/revisions"}],"predecessor-version":[{"id":15845,"href":"https:\/\/sakder.org.tr\/index.php?rest_route=\/wp\/v2\/pages\/15568\/revisions\/15845"}],"wp:attachment":[{"href":"https:\/\/sakder.org.tr\/index.php?rest_route=%2Fwp%2Fv2%2Fmedia&parent=15568"}],"curies":[{"name":"wp","href":"https:\/\/api.w.org\/{rel}","templated":true}]}}