{"id":15487,"date":"2024-06-05T14:30:10","date_gmt":"2024-06-05T11:30:10","guid":{"rendered":"https:\/\/sakder.org.tr\/?page_id=15487"},"modified":"2024-06-07T10:03:55","modified_gmt":"2024-06-07T07:03:55","slug":"hakkimizda","status":"publish","type":"page","link":"https:\/\/sakder.org.tr\/?page_id=15487","title":{"rendered":"Hakk\u0131m\u0131zda"},"content":{"rendered":"\t\t<div data-elementor-type=\"wp-page\" data-elementor-id=\"15487\" class=\"elementor elementor-15487\">\n\t\t\t\t\t\t<header data-particle_enable=\"false\" data-particle-mobile-disabled=\"false\" class=\"elementor-section elementor-top-section elementor-element elementor-element-5566c5c9 elementor-section-height-min-height elementor-section-boxed elementor-section-height-default elementor-section-items-middle\" data-id=\"5566c5c9\" data-element_type=\"section\" data-e-type=\"section\" data-settings=\"{&quot;background_background&quot;:&quot;classic&quot;}\">\n\t\t\t\t\t\t\t<div class=\"elementor-background-overlay\"><\/div>\n\t\t\t\t\t\t\t<div class=\"elementor-container elementor-column-gap-default\">\n\t\t\t\t\t<div class=\"elementor-column elementor-col-100 elementor-top-column elementor-element elementor-element-2a60ca2\" data-id=\"2a60ca2\" data-element_type=\"column\" data-e-type=\"column\">\n\t\t\t<div class=\"elementor-widget-wrap elementor-element-populated\">\n\t\t\t\t\t\t<div class=\"elementor-element elementor-element-614ba3f5 elementor-invisible elementor-widget elementor-widget-heading\" data-id=\"614ba3f5\" data-element_type=\"widget\" data-e-type=\"widget\" data-settings=\"{&quot;_animation&quot;:&quot;fadeInDown&quot;}\" data-widget_type=\"heading.default\">\n\t\t\t\t<div class=\"elementor-widget-container\">\n\t\t\t\t\t<h1 class=\"elementor-heading-title elementor-size-default\">Hakk\u0131m\u0131zda<\/h1>\t\t\t\t<\/div>\n\t\t\t\t<\/div>\n\t\t\t\t<div class=\"elementor-element elementor-element-252f96ff elementor-invisible elementor-widget elementor-widget-text-editor\" data-id=\"252f96ff\" data-element_type=\"widget\" data-e-type=\"widget\" data-settings=\"{&quot;_animation&quot;:&quot;fadeIn&quot;}\" data-widget_type=\"text-editor.default\">\n\t\t\t\t<div class=\"elementor-widget-container\">\n\t\t\t\t\t\t\t\t\t<p>T\u00fcrkiye S\u00f6zle\u015fmeli Ara\u015ft\u0131rma Kurulu\u015flar\u0131 Derne\u011fi (SAKDER) 29 Ocak 2009 tarihi itibar\u0131 ile kurulmu\u015ftur.<\/p>\t\t\t\t\t\t\t\t<\/div>\n\t\t\t\t<\/div>\n\t\t\t\t\t<\/div>\n\t\t<\/div>\n\t\t\t\t\t<\/div>\n\t\t<\/header>\n\t\t\t\t<section data-particle_enable=\"false\" data-particle-mobile-disabled=\"false\" class=\"elementor-section elementor-top-section elementor-element elementor-element-1c66eccb elementor-section-full_width elementor-section-height-default elementor-section-height-default\" data-id=\"1c66eccb\" data-element_type=\"section\" data-e-type=\"section\" data-settings=\"{&quot;background_background&quot;:&quot;classic&quot;}\">\n\t\t\t\t\t\t<div class=\"elementor-container elementor-column-gap-default\">\n\t\t\t\t\t<div class=\"elementor-column elementor-col-100 elementor-top-column elementor-element elementor-element-3a52b841\" data-id=\"3a52b841\" data-element_type=\"column\" data-e-type=\"column\">\n\t\t\t<div class=\"elementor-widget-wrap elementor-element-populated\">\n\t\t\t\t\t\t<section data-particle_enable=\"false\" data-particle-mobile-disabled=\"false\" class=\"elementor-section elementor-inner-section elementor-element elementor-element-409517b7 elementor-section-boxed elementor-section-height-default elementor-section-height-default\" data-id=\"409517b7\" data-element_type=\"section\" data-e-type=\"section\">\n\t\t\t\t\t\t<div class=\"elementor-container elementor-column-gap-default\">\n\t\t\t\t\t<div class=\"elementor-column elementor-col-100 elementor-inner-column elementor-element elementor-element-7af2bfe\" data-id=\"7af2bfe\" data-element_type=\"column\" data-e-type=\"column\">\n\t\t\t<div class=\"elementor-widget-wrap elementor-element-populated\">\n\t\t\t\t\t\t<div class=\"elementor-element elementor-element-3f72581b elementor-widget elementor-widget-heading\" data-id=\"3f72581b\" data-element_type=\"widget\" data-e-type=\"widget\" data-widget_type=\"heading.default\">\n\t\t\t\t<div class=\"elementor-widget-container\">\n\t\t\t\t\t<h3 class=\"elementor-heading-title elementor-size-default\">T\u00fcrkiye S\u00f6zle\u015fmeli Ara\u015ft\u0131rma Kurulu\u015flar\u0131 Derne\u011fi (SAKDER)<\/h3>\t\t\t\t<\/div>\n\t\t\t\t<\/div>\n\t\t\t\t<div class=\"elementor-element elementor-element-36448e54 elementor-widget-divider--view-line elementor-widget elementor-widget-divider\" data-id=\"36448e54\" data-element_type=\"widget\" data-e-type=\"widget\" data-widget_type=\"divider.default\">\n\t\t\t\t<div class=\"elementor-widget-container\">\n\t\t\t\t\t\t\t<div class=\"elementor-divider\">\n\t\t\t<span class=\"elementor-divider-separator\">\n\t\t\t\t\t\t<\/span>\n\t\t<\/div>\n\t\t\t\t\t\t<\/div>\n\t\t\t\t<\/div>\n\t\t\t\t<div class=\"elementor-element elementor-element-107e809e elementor-widget elementor-widget-text-editor\" data-id=\"107e809e\" data-element_type=\"widget\" data-e-type=\"widget\" data-widget_type=\"text-editor.default\">\n\t\t\t\t<div class=\"elementor-widget-container\">\n\t\t\t\t\t\t\t\t\t<p>Derne\u011fimiz, T\u00fcrkiye\u2019de S\u00f6zle\u015fmeli Ara\u015ft\u0131rma Kurulu\u015flar\u0131n\u0131n mesleki dayan\u0131\u015fmas\u0131n\u0131 sa\u011flamak ba\u015fta olmak \u00fczere, \u00fcyelerini temsilen ilgili taraflarla g\u00f6r\u00fc\u015fmeler ve m\u00fczakereler \u00a0yaparak olas\u0131 sorunlar\u0131n \u00e7\u00f6z\u00fclmesine, ilgili platformlarda \u00fcyelerini temsil etmeye, \u00a0ila\u00e7\/sa\u011fl\u0131k sekt\u00f6r\u00fc alan\u0131ndaki \u00a0\u00fcyelerinin u\u011fra\u015f alan\u0131 konusundaki hizmetlerinin \u00a0geli\u015fmesine katk\u0131 sa\u011flamak amac\u0131 ile kurulmu\u015ftur.<\/p>\t\t\t\t\t\t\t\t<\/div>\n\t\t\t\t<\/div>\n\t\t\t\t\t<\/div>\n\t\t<\/div>\n\t\t\t\t\t<\/div>\n\t\t<\/section>\n\t\t\t\t\t<\/div>\n\t\t<\/div>\n\t\t\t\t\t<\/div>\n\t\t<\/section>\n\t\t\t\t<section data-particle_enable=\"false\" data-particle-mobile-disabled=\"false\" class=\"elementor-section elementor-top-section elementor-element elementor-element-5b16c227 elementor-section-full_width elementor-section-height-default elementor-section-height-default\" data-id=\"5b16c227\" data-element_type=\"section\" data-e-type=\"section\" data-settings=\"{&quot;background_background&quot;:&quot;classic&quot;}\">\n\t\t\t\t\t\t<div class=\"elementor-container elementor-column-gap-default\">\n\t\t\t\t\t<div class=\"elementor-column elementor-col-100 elementor-top-column elementor-element elementor-element-241943ec\" data-id=\"241943ec\" data-element_type=\"column\" data-e-type=\"column\">\n\t\t\t<div class=\"elementor-widget-wrap elementor-element-populated\">\n\t\t\t\t\t\t<section data-particle_enable=\"false\" data-particle-mobile-disabled=\"false\" class=\"elementor-section elementor-inner-section elementor-element elementor-element-77696df2 elementor-section-boxed elementor-section-height-default elementor-section-height-default\" data-id=\"77696df2\" data-element_type=\"section\" data-e-type=\"section\">\n\t\t\t\t\t\t<div class=\"elementor-container elementor-column-gap-default\">\n\t\t\t\t\t<div class=\"elementor-column elementor-col-50 elementor-inner-column elementor-element elementor-element-41af2048\" data-id=\"41af2048\" data-element_type=\"column\" data-e-type=\"column\">\n\t\t\t<div class=\"elementor-widget-wrap elementor-element-populated\">\n\t\t\t\t\t\t<div class=\"elementor-element elementor-element-282e9343 elementor-widget-divider--view-line elementor-widget elementor-widget-divider\" data-id=\"282e9343\" data-element_type=\"widget\" data-e-type=\"widget\" data-widget_type=\"divider.default\">\n\t\t\t\t<div class=\"elementor-widget-container\">\n\t\t\t\t\t\t\t<div class=\"elementor-divider\">\n\t\t\t<span class=\"elementor-divider-separator\">\n\t\t\t\t\t\t<\/span>\n\t\t<\/div>\n\t\t\t\t\t\t<\/div>\n\t\t\t\t<\/div>\n\t\t\t\t<div class=\"elementor-element elementor-element-12b8ff97 elementor-widget elementor-widget-text-editor\" data-id=\"12b8ff97\" data-element_type=\"widget\" data-e-type=\"widget\" data-widget_type=\"text-editor.default\">\n\t\t\t\t<div class=\"elementor-widget-container\">\n\t\t\t\t\t\t\t\t\t<p style=\"font-weight: 400;\">B\u00f6ylece bu alanda kalitenin y\u00fckselmesi, ila\u00e7\/sa\u011fl\u0131k<br \/>ara\u015ft\u0131rmalar\u0131ndan kaynaklanan problemlerin \u00e7\u00f6z\u00fcm\u00fc, bu ama\u00e7la ilgili \u00f6zel ve t\u00fczel ki\u015filerin uluslararas\u0131 uygulamalar\u0131 \u00f6\u011frenmesi ve uygulamas\u0131, konu ile ilgili yasal mevzuat ve mesleki etik normlar\u0131n olu\u015fmas\u0131 ve geli\u015fmesi m\u00fcmk\u00fcn olacakt\u0131r.<\/p><p style=\"font-weight: 400;\">SAKDER\u2019in \u00f6ncelikli i\u015flevleri \u00fcyeleri aras\u0131ndaki ba\u011flant\u0131lar\u0131n g\u00fc\u00e7lendirilmesi, \u00fcyelerin Sa\u011fl\u0131k Bakanl\u0131\u011f\u0131 ve yetkili merciler ve di\u011fer meslek kurulu\u015flar\u0131 nezdinde temsilin sa\u011flanmas\u0131 ve T\u00fcrkiye\u2019de faaliyet g\u00f6steren s\u00f6zle\u015fmeli ara\u015ft\u0131rma kurulu\u015flar\u0131n\u0131n d\u00fcnya standartlar\u0131nda hizmet vermesi ve T\u00fcrkiye\u2019nin ila\u00e7 ara\u015ft\u0131rmalar\u0131ndan ald\u0131\u011f\u0131 pay\u0131n artt\u0131r\u0131lmas\u0131na y\u00f6nelik olacakt\u0131r. Dernek kapsam\u0131nda ayr\u0131ca bilgi ve e\u011fitim verilmesi \u00e7al\u0131\u015fmalar\u0131<br \/>da y\u00fcr\u00fct\u00fclecektir.<\/p>\t\t\t\t\t\t\t\t<\/div>\n\t\t\t\t<\/div>\n\t\t\t\t\t<\/div>\n\t\t<\/div>\n\t\t\t\t<div class=\"elementor-column elementor-col-50 elementor-inner-column elementor-element elementor-element-15a09280\" data-id=\"15a09280\" data-element_type=\"column\" data-e-type=\"column\" data-settings=\"{&quot;background_background&quot;:&quot;classic&quot;}\">\n\t\t\t<div class=\"elementor-widget-wrap elementor-element-populated\">\n\t\t\t\t\t\t<div class=\"elementor-element elementor-element-36170715 elementor-widget elementor-widget-spacer\" data-id=\"36170715\" data-element_type=\"widget\" data-e-type=\"widget\" data-widget_type=\"spacer.default\">\n\t\t\t\t<div class=\"elementor-widget-container\">\n\t\t\t\t\t\t\t<div class=\"elementor-spacer\">\n\t\t\t<div class=\"elementor-spacer-inner\"><\/div>\n\t\t<\/div>\n\t\t\t\t\t\t<\/div>\n\t\t\t\t<\/div>\n\t\t\t\t\t<\/div>\n\t\t<\/div>\n\t\t\t\t\t<\/div>\n\t\t<\/section>\n\t\t\t\t\t<\/div>\n\t\t<\/div>\n\t\t\t\t\t<\/div>\n\t\t<\/section>\n\t\t\t\t<section data-particle_enable=\"false\" data-particle-mobile-disabled=\"false\" class=\"elementor-section elementor-top-section elementor-element elementor-element-47692ddd elementor-section-full_width elementor-section-height-default elementor-section-height-default\" data-id=\"47692ddd\" data-element_type=\"section\" data-e-type=\"section\" data-settings=\"{&quot;background_background&quot;:&quot;classic&quot;}\">\n\t\t\t\t\t\t<div class=\"elementor-container elementor-column-gap-default\">\n\t\t\t\t\t<div class=\"elementor-column elementor-col-100 elementor-top-column elementor-element elementor-element-76c60d92\" data-id=\"76c60d92\" data-element_type=\"column\" data-e-type=\"column\">\n\t\t\t<div class=\"elementor-widget-wrap elementor-element-populated\">\n\t\t\t\t\t\t<section data-particle_enable=\"false\" data-particle-mobile-disabled=\"false\" class=\"elementor-section elementor-inner-section elementor-element elementor-element-2f0095e9 elementor-section-boxed elementor-section-height-default elementor-section-height-default\" data-id=\"2f0095e9\" data-element_type=\"section\" data-e-type=\"section\">\n\t\t\t\t\t\t<div class=\"elementor-container elementor-column-gap-default\">\n\t\t\t\t\t<div class=\"elementor-column elementor-col-50 elementor-inner-column elementor-element elementor-element-6cd36206\" data-id=\"6cd36206\" data-element_type=\"column\" data-e-type=\"column\" data-settings=\"{&quot;background_background&quot;:&quot;classic&quot;}\">\n\t\t\t<div class=\"elementor-widget-wrap elementor-element-populated\">\n\t\t\t\t\t\t<div class=\"elementor-element elementor-element-4bfc94a3 elementor-widget elementor-widget-spacer\" data-id=\"4bfc94a3\" data-element_type=\"widget\" data-e-type=\"widget\" data-widget_type=\"spacer.default\">\n\t\t\t\t<div class=\"elementor-widget-container\">\n\t\t\t\t\t\t\t<div class=\"elementor-spacer\">\n\t\t\t<div class=\"elementor-spacer-inner\"><\/div>\n\t\t<\/div>\n\t\t\t\t\t\t<\/div>\n\t\t\t\t<\/div>\n\t\t\t\t\t<\/div>\n\t\t<\/div>\n\t\t\t\t<div class=\"elementor-column elementor-col-50 elementor-inner-column elementor-element elementor-element-6afc1216\" data-id=\"6afc1216\" data-element_type=\"column\" data-e-type=\"column\">\n\t\t\t<div class=\"elementor-widget-wrap elementor-element-populated\">\n\t\t\t\t\t\t<div class=\"elementor-element elementor-element-406ae640 elementor-widget-divider--view-line elementor-widget elementor-widget-divider\" data-id=\"406ae640\" data-element_type=\"widget\" data-e-type=\"widget\" data-widget_type=\"divider.default\">\n\t\t\t\t<div class=\"elementor-widget-container\">\n\t\t\t\t\t\t\t<div class=\"elementor-divider\">\n\t\t\t<span class=\"elementor-divider-separator\">\n\t\t\t\t\t\t<\/span>\n\t\t<\/div>\n\t\t\t\t\t\t<\/div>\n\t\t\t\t<\/div>\n\t\t\t\t<div class=\"elementor-element elementor-element-46bc62b4 elementor-widget elementor-widget-text-editor\" data-id=\"46bc62b4\" data-element_type=\"widget\" data-e-type=\"widget\" data-widget_type=\"text-editor.default\">\n\t\t\t\t<div class=\"elementor-widget-container\">\n\t\t\t\t\t\t\t\t\t<p style=\"font-weight: 400;\">SAKDER 2010 y\u0131l\u0131nda Avrupa S\u00f6zle\u015fmeli Ara\u015ft\u0131rma Kurulu\u015flar\u0131 Federasyonu\u00a0<span style=\"font-weight: var( --e-global-typography-text-font-weight );\">(European CRO Federation-EUCROF) \u00fcyeli\u011fine kabul edilmi\u015f olup, halen EUCROF y\u00f6netim kurulunda yer almaktad\u0131r.<\/span><\/p><p style=\"font-weight: 400;\">Derne\u011fimize, s\u00f6zle\u015fmeli ara\u015ft\u0131rma kurulu\u015fu olarak faaliyet g\u00f6steren, T\u00fcrkiye\u2019de kurulmu\u015f veya temsilcili\u011fi bulunan, yabanc\u0131 i\u015ftirakli olan veya olmayan s\u00f6zle\u015fmeli ara\u015ft\u0131rma kurulu\u015flar\u0131 \u00fcye olabileceklerdir.<\/p>\t\t\t\t\t\t\t\t<\/div>\n\t\t\t\t<\/div>\n\t\t\t\t\t<\/div>\n\t\t<\/div>\n\t\t\t\t\t<\/div>\n\t\t<\/section>\n\t\t\t\t\t<\/div>\n\t\t<\/div>\n\t\t\t\t\t<\/div>\n\t\t<\/section>\n\t\t\t\t<section data-particle_enable=\"false\" data-particle-mobile-disabled=\"false\" class=\"elementor-section elementor-top-section elementor-element elementor-element-390833fd elementor-section-full_width elementor-section-height-default elementor-section-height-default\" data-id=\"390833fd\" data-element_type=\"section\" data-e-type=\"section\" data-settings=\"{&quot;background_background&quot;:&quot;classic&quot;}\">\n\t\t\t\t\t\t\t<div class=\"elementor-background-overlay\"><\/div>\n\t\t\t\t\t\t\t<div class=\"elementor-container elementor-column-gap-default\">\n\t\t\t\t\t<div class=\"elementor-column elementor-col-100 elementor-top-column elementor-element elementor-element-72143ca8\" data-id=\"72143ca8\" data-element_type=\"column\" data-e-type=\"column\">\n\t\t\t<div class=\"elementor-widget-wrap elementor-element-populated\">\n\t\t\t\t\t\t<div class=\"elementor-element elementor-element-c22f875 elementor-widget elementor-widget-text-editor\" data-id=\"c22f875\" data-element_type=\"widget\" data-e-type=\"widget\" data-widget_type=\"text-editor.default\">\n\t\t\t\t<div class=\"elementor-widget-container\">\n\t\t\t\t\t\t\t\t\t<p><strong>Kurucu \u00dcyeler<\/strong><\/p><ul><li>Murat Hayran<\/li><li>Mehmey Yusuf<\/li><li>O\u011fuz Akba\u015f<\/li><li>Sait Tu\u011f M\u0131s\u0131rl\u0131o\u011flu<\/li><li>Ebru Mutlu<\/li><li>\u00d6zlem Sabanc\u0131lar<\/li><\/ul>\t\t\t\t\t\t\t\t<\/div>\n\t\t\t\t<\/div>\n\t\t\t\t\t<\/div>\n\t\t<\/div>\n\t\t\t\t\t<\/div>\n\t\t<\/section>\n\t\t\t\t<\/div>\n\t\t","protected":false},"excerpt":{"rendered":"<p>Hakk\u0131m\u0131zda T\u00fcrkiye S\u00f6zle\u015fmeli Ara\u015ft\u0131rma Kurulu\u015flar\u0131 Derne\u011fi (SAKDER) 29 Ocak 2009 tarihi itibar\u0131 ile kurulmu\u015ftur. T\u00fcrkiye S\u00f6zle\u015fmeli Ara\u015ft\u0131rma Kurulu\u015flar\u0131 Derne\u011fi (SAKDER) Derne\u011fimiz, T\u00fcrkiye\u2019de S\u00f6zle\u015fmeli Ara\u015ft\u0131rma Kurulu\u015flar\u0131n\u0131n&hellip;<\/p>\n","protected":false},"author":1,"featured_media":0,"parent":0,"menu_order":0,"comment_status":"closed","ping_status":"closed","template":"","meta":{"om_disable_all_campaigns":false,"_monsterinsights_skip_tracking":false,"_monsterinsights_sitenote_active":false,"_monsterinsights_sitenote_note":"","_monsterinsights_sitenote_category":0,"footnotes":""},"class_list":["post-15487","page","type-page","status-publish","hentry"],"_links":{"self":[{"href":"https:\/\/sakder.org.tr\/index.php?rest_route=\/wp\/v2\/pages\/15487","targetHints":{"allow":["GET"]}}],"collection":[{"href":"https:\/\/sakder.org.tr\/index.php?rest_route=\/wp\/v2\/pages"}],"about":[{"href":"https:\/\/sakder.org.tr\/index.php?rest_route=\/wp\/v2\/types\/page"}],"author":[{"embeddable":true,"href":"https:\/\/sakder.org.tr\/index.php?rest_route=\/wp\/v2\/users\/1"}],"replies":[{"embeddable":true,"href":"https:\/\/sakder.org.tr\/index.php?rest_route=%2Fwp%2Fv2%2Fcomments&post=15487"}],"version-history":[{"count":34,"href":"https:\/\/sakder.org.tr\/index.php?rest_route=\/wp\/v2\/pages\/15487\/revisions"}],"predecessor-version":[{"id":15741,"href":"https:\/\/sakder.org.tr\/index.php?rest_route=\/wp\/v2\/pages\/15487\/revisions\/15741"}],"wp:attachment":[{"href":"https:\/\/sakder.org.tr\/index.php?rest_route=%2Fwp%2Fv2%2Fmedia&parent=15487"}],"curies":[{"name":"wp","href":"https:\/\/api.w.org\/{rel}","templated":true}]}}